{"id":11755,"date":"2022-01-10T07:32:47","date_gmt":"2022-01-10T06:32:47","guid":{"rendered":"http:\/\/localhost\/cardealer-test\/?page_id=2"},"modified":"2024-04-08T10:15:49","modified_gmt":"2024-04-08T08:15:49","slug":"vehicules-electriques","status":"publish","type":"page","link":"https:\/\/centrepremium.fr\/index.php\/vehicules-electriques\/","title":{"rendered":"V\u00e9hicules \u00c9lectriques"},"content":{"rendered":"\t\t<div data-elementor-type=\"wp-page\" data-elementor-id=\"11755\" class=\"elementor elementor-11755\" data-elementor-post-type=\"page\">\n\t\t\t\t\t\t<section class=\"elementor-section elementor-top-section elementor-element elementor-element-543487bd elementor-section-stretched elementor-section-boxed elementor-section-height-default elementor-section-height-default\" data-id=\"543487bd\" data-element_type=\"section\" data-e-type=\"section\" data-settings=\"{&quot;stretch_section&quot;:&quot;section-stretched&quot;}\">\n\t\t\t\t\t\t<div class=\"elementor-container elementor-column-gap-default\">\n\t\t\t\t\t<div class=\"elementor-column elementor-col-50 elementor-top-column elementor-element elementor-element-6ac2920a\" data-id=\"6ac2920a\" data-element_type=\"column\" data-e-type=\"column\">\n\t\t\t<div class=\"elementor-widget-wrap elementor-element-populated\">\n\t\t\t\t\t\t<div class=\"elementor-element elementor-element-952687d elementor-widget__width-inherit elementor-widget elementor-widget-cdhl_button\" data-id=\"952687d\" data-element_type=\"widget\" data-e-type=\"widget\" data-widget_type=\"cdhl_button.default\">\n\t\t\t\t<div class=\"elementor-widget-container\">\n\t\t\t\t\t\t<div class=\"cdhl_button_wrapper align-center btn-block\">\n\t\t<a href=\"https:\/\/centrepremium.fr\/index.php\/vehicules-en-vente\/\" class=\"button pgs_btn default large\">\n\t\t\t\t\t\t\t<span class=\"button-icon icon-position-left\">\n\t\t\t\t<i aria-hidden=\"true\" class=\" glyph-icon flaticon-transport-3\"><\/i>\t\t\t\t<\/span>\n\t\t\t\t\t\t\tCONSULTER TOUT LE STOCK\t\t\t\t\t<\/a>\n\t<\/div>\n\t\t\t\t\t<\/div>\n\t\t\t\t<\/div>\n\t\t\t\t<div class=\"elementor-element elementor-element-885e4ed elementor-widget elementor-widget-cdhl_vehicles-listing-price-filter\" data-id=\"885e4ed\" data-element_type=\"widget\" data-e-type=\"widget\" data-widget_type=\"cdhl_vehicles-listing-price-filter.default\">\n\t\t\t\t<div class=\"elementor-widget-container\">\n\t\t\t\t\t<div class=\"cdhl_vehicles-listing-price-filter_wrapper cdhl-vehicles-listing-price-filter cars-price-range-widget\" >\n\t<div class=\"price_slider_wrapper\">\n\t<div class=\"price-slide\">\n\t\t<div class=\"price\">\n\t\t\t<input type=\"hidden\" class=\"pgs-price-slider-min\" name=\"min_price\" value=\"\" data-min=\"8000\" \/>\n\t\t\t<input type=\"hidden\" class=\"pgs-price-slider-max\" name=\"max_price\" value=\"\" data-max=\"161000\" data-step=\"1000\" \/>\n\t\t\t\t\t\t<div id=\"slider-range-1\" class=\"slider-range range-slide-slider\"><\/div>\n\t\t<\/div>\n\t\t\t\t\t<div class=\"range-btn-wrapper price-range-btn-wrapper\">\n\t\t\t\t<div class=\"dealer-slider-amount-wrapper\">\n\t\t\t\t\t<label>Prix:<\/label>\n\t\t\t\t\t<div id=\"dealer-slider-amount-1\" class=\"dealer-slider-amount\"><\/div>\n\t\t\t\t<\/div>\n\t\t\t\t<button id=\"pgs_price_filter_btn-1\" class=\"pgs-price-filter-btn button\">Filtre<\/button>\n\t\t\t<\/div>\n\t\t\t\t<\/div>\n<\/div>\n<\/div>\n\t\t\t\t<\/div>\n\t\t\t\t<\/div>\n\t\t\t\t<div class=\"elementor-element elementor-element-b590a89 elementor-widget elementor-widget-cdhl_vehicles-listing-filters\" data-id=\"b590a89\" data-element_type=\"widget\" data-e-type=\"widget\" data-widget_type=\"cdhl_vehicles-listing-filters.default\">\n\t\t\t\t<div class=\"elementor-widget-container\">\n\t\t\t\t\t<div class=\"cdhl_vehicles-listing-filters_wrapper cdhl-vehicle-filters verticale\" >\n\t<div class=\"cars-total-vehicles\"><span class=\"stripe\"><strong><span class=\"number_of_listings\">0<\/span> <span class=\"listings_grammar\">V\u00e9hicules correspondants<\/span><\/strong><\/span><ul class=\"stripe-item filter margin-bottom-none\" data-all-listings=\"All Listings\"><\/ul><\/div><div class=\"listing_sort\"><div class=\"sort-filters\"><select data-tax=\"Marque\" data-id=\"car_make\" name=\"car_make\" class=\"select-sort-filters cd-select-box sort_car_make\"><option value=\"\">Marque<\/option><\/select><select data-tax=\"Mod\u00e8le\" data-id=\"car_model\" name=\"car_model\" class=\"select-sort-filters cd-select-box sort_car_model\"><option value=\"\">Mod\u00e8le<\/option><\/select><select data-tax=\"Carrosserie\" data-id=\"car_body_style\" name=\"car_body_style\" class=\"select-sort-filters cd-select-box sort_car_body_style\"><option value=\"\">Carrosserie<\/option><\/select><select data-tax=\"Kilom\u00e9trage\" data-id=\"car_mileage\" name=\"car_mileage\" class=\"select-sort-filters cd-select-box sort_car_mileage\"><option value=\"\">Kilom\u00e9trage<\/option><\/select><select data-tax=\"Ann\u00e9e\" data-id=\"car_year\" name=\"car_year\" class=\"select-sort-filters cd-select-box sort_car_year\"><option value=\"\">Ann\u00e9e<\/option><\/select><select data-tax=\"Bo\u00eete de vitesses\" data-id=\"car_transmission\" name=\"car_transmission\" class=\"select-sort-filters cd-select-box sort_car_transmission\"><option value=\"\">Bo\u00eete de vitesses<\/option><\/select><select data-tax=\"\u00c9nergie\" data-id=\"car_fuel_type\" name=\"car_fuel_type\" class=\"select-sort-filters cd-select-box sort_car_fuel_type\"><option value=\"\">\u00c9nergie<\/option><\/select><div class=\"reset_filters-container\"><a class=\"button reset_filters\" href=\"javascript:void(0);\">R\u00e9initialiser<\/a><\/div><\/div><span class=\"filter-loader\"><\/span><\/div><\/div>\n\t\t\t\t<\/div>\n\t\t\t\t<\/div>\n\t\t\t\t\t<\/div>\n\t\t<\/div>\n\t\t\t\t<div class=\"elementor-column elementor-col-50 elementor-top-column elementor-element elementor-element-eab9af3\" data-id=\"eab9af3\" data-element_type=\"column\" data-e-type=\"column\">\n\t\t\t<div class=\"elementor-widget-wrap elementor-element-populated\">\n\t\t\t\t\t\t<div class=\"elementor-element elementor-element-3ef5c61 elementor-widget elementor-widget-cdhl_vehicles-listing\" data-id=\"3ef5c61\" data-element_type=\"widget\" data-e-type=\"widget\" data-widget_type=\"cdhl_vehicles-listing.default\">\n\t\t\t\t<div class=\"elementor-widget-container\">\n\t\t\t\t\t<div class=\"cdhl_vehicles-listing_wrapper\">\n\t<div class=\"cars-top-filters-box\">\n\t\t<div class=\"cars-top-filters-box-left\">\n\t\t\t\t\t\t\t<ul class=\"page-breadcrumb\" typeof=\"BreadcrumbList\" vocab=\"http:\/\/schema.org\/\">\n\t\t\t\t\t\t\t\t\t<\/ul>\n\t\t\t\t\t\t<\/div>\n\t\t<div class=\"cars-top-filters-box-right\">\n\t\t\t\t\t\t<div class=\"selected-box pgs-cars-pp-outer\">\n\t\t\t\t<select name=\"cars_pp\" id=\"pgs_cars_pp\" class=\"cd-select-box\">\n\t\t\t\t\t\t\t\t\t\t\t<option value=\"12\"  selected='selected'>12<\/option>\n\t\t\t\t\t\t\t\t\t\t\t\t<option value=\"24\" >24<\/option>\n\t\t\t\t\t\t\t\t\t\t\t\t<option value=\"36\" >36<\/option>\n\t\t\t\t\t\t\t\t\t\t\t\t<option value=\"48\" >48<\/option>\n\t\t\t\t\t\t\t\t\t\t\t\t<option value=\"60\" >60<\/option>\n\t\t\t\t\t\t\t\t\t\t<\/select>\n\t\t\t<\/div>\n\t\t\t\t\t<div class=\"selected-box pgs-cars-orderby-outer\">\n\t\t\t<div class=\"select\">\n\t\t\t\t<select class=\"select-box cd-select-box\" name=\"cars_orderby\" id=\"pgs_cars_orderby\">\n\t\t\t\t\t<option value=\"\">Trier par d\u00e9faut<\/option>\n\t\t\t\t\t\t\t\t\t\t\t<option value=\"name\" >Trier par nom<\/option>\n\t\t\t\t\t\t\t\t\t\t\t\t<option value=\"sale_price\" >Trier par prix<\/option>\n\t\t\t\t\t\t\t\t\t\t\t\t<option value=\"date\"  selected='selected'>Trier par date<\/option>\n\t\t\t\t\t\t\t\t\t\t\t\t<option value=\"year\" >Trier par ann\u00e9e<\/option>\n\t\t\t\t\t\t\t\t\t\t<\/select>\n\t\t\t<\/div>\n\t\t<\/div>\n\t\t\t\t\t<div class=\"cars-order text-right\"><a id=\"pgs_cars_order\" data-order=\"desc\" data-current_order=\"asc\" href=\"javascript:void(0)\"><i class=\"fa-solid fa-arrow-up-short-wide\"><\/i><\/a><\/div>\n\t\t\t\t\t\t<div class=\"grid-view change-view-button\">\n\t\t\t\t<div class=\"view-icon\">\n\t\t\t\t\t\t\t\t\t\t\t<a class=\"catlog-layout view-grid-full\" data-id=\"view-grid\" href=\"javascript:void(0)\">\n\t\t\t\t\t\t\t<span style=\"background-color:#a21c1c;\">\n\t\t\t\t\t\t\t\t<i class=\"view-grid-full\"><\/i>\n\t\t\t\t\t\t\t<\/span>\n\t\t\t\t\t\t<\/a>\n\t\t\t\t\t\t\t\t\t\t\t\t<a class=\"catlog-layout view-grid-masonry-full\" data-id=\"view-masonry\" href=\"javascript:void(0)\">\n\t\t\t\t\t\t\t<span style=\"\">\n\t\t\t\t\t\t\t\t<i class=\"view-grid-masonry-full\"><\/i>\n\t\t\t\t\t\t\t<\/span>\n\t\t\t\t\t\t<\/a>\n\t\t\t\t\t\t\t\t\t\t\t\t<a class=\"catlog-layout view-list-full\" data-id=\"view-list\" href=\"javascript:void(0)\">\n\t\t\t\t\t\t\t<span style=\"\">\n\t\t\t\t\t\t\t\t<i class=\"view-list-full\"><\/i>\n\t\t\t\t\t\t\t<\/span>\n\t\t\t\t\t\t<\/a>\n\t\t\t\t\t\t\t\t\t\t<\/div>\n\t\t\t<\/div><!--.grid-view-->\n\t\t\t\t\t<\/div>\n\t\t<div class=\"clearfix\"><\/div>\n\t<\/div>\n\t\t\t<div class=\"all-cars-list-arch vehicle-listing vehicle-listing-main clearfix\">\n\t\t\t<div class=\"col-sm-12\">\n\t\t\t\t<div class=\"alert alert-warning\">\n\t\t\t\tNo result were found matching your selection.\t\t\t\t<\/div>\n\t\t\t<\/div>\n\t\t<\/div>\n\t\t<\/div>\n\t\t\t\t<\/div>\n\t\t\t\t<\/div>\n\t\t\t\t\t<\/div>\n\t\t<\/div>\n\t\t\t\t\t<\/div>\n\t\t<\/section>\n\t\t\t\t<\/div>\n\t\t","protected":false},"excerpt":{"rendered":"<p>CONSULTER TOUT LE STOCK Prix: Filtre 45 Correspondance des v\u00e9hicules Mensualit\u00e9 CompriseEntre 200\u20ac et 300\u20acEntre 500\u20ac et 600\u20acEntre 600\u20ac et 700\u20acMarqueTESLAVOLKSWAGENMod\u00e8leE-GOLFModel 3Model YCarrosserie4X4 ET SUVBERLINEBREAKCOMPACTCouleur ext\u00e9rieureBLANCGRISNOIRKilom\u00e9trage&leq; 10000 km&leq; 30000 km&leq; 50000 km&leq; 70000 km&leq; 90000 km&leq; 110000 km&leq; 130000 km&leq; 150000 km&leq; 170000 km&leq; 190000 kmAnn\u00e9e2024202320202019Bo\u00eete de vitessesAutomatique\u00c9nergieELECTRIQUER\u00e9initialiser 1224364860 Trier par d\u00e9fautTrier par nomTrier par [&hellip;]<\/p>\n","protected":false},"author":1,"featured_media":13389,"parent":0,"menu_order":0,"comment_status":"closed","ping_status":"open","template":"templates\/cadealer-elementor-full-width.php","meta":{"_acf_changed":false,"inline_featured_image":false,"footnotes":""},"class_list":["post-11755","page","type-page","status-publish","has-post-thumbnail","hentry"],"acf":[],"_links":{"self":[{"href":"https:\/\/centrepremium.fr\/index.php\/wp-json\/wp\/v2\/pages\/11755","targetHints":{"allow":["GET"]}}],"collection":[{"href":"https:\/\/centrepremium.fr\/index.php\/wp-json\/wp\/v2\/pages"}],"about":[{"href":"https:\/\/centrepremium.fr\/index.php\/wp-json\/wp\/v2\/types\/page"}],"author":[{"embeddable":true,"href":"https:\/\/centrepremium.fr\/index.php\/wp-json\/wp\/v2\/users\/1"}],"replies":[{"embeddable":true,"href":"https:\/\/centrepremium.fr\/index.php\/wp-json\/wp\/v2\/comments?post=11755"}],"version-history":[{"count":100,"href":"https:\/\/centrepremium.fr\/index.php\/wp-json\/wp\/v2\/pages\/11755\/revisions"}],"predecessor-version":[{"id":72162,"href":"https:\/\/centrepremium.fr\/index.php\/wp-json\/wp\/v2\/pages\/11755\/revisions\/72162"}],"wp:featuredmedia":[{"embeddable":true,"href":"https:\/\/centrepremium.fr\/index.php\/wp-json\/wp\/v2\/media\/13389"}],"wp:attachment":[{"href":"https:\/\/centrepremium.fr\/index.php\/wp-json\/wp\/v2\/media?parent=11755"}],"curies":[{"name":"wp","href":"https:\/\/api.w.org\/{rel}","templated":true}]}}