{"id":10810,"date":"2021-06-30T10:34:54","date_gmt":"2021-06-30T10:34:54","guid":{"rendered":"https:\/\/localhost\/cardealer\/?page_id=10810"},"modified":"2024-04-05T14:57:54","modified_gmt":"2024-04-05T12:57:54","slug":"mentions-legales","status":"publish","type":"page","link":"https:\/\/centrepremium.fr\/index.php\/mentions-legales\/","title":{"rendered":"Mentions l\u00e9gales"},"content":{"rendered":"\t\t<div data-elementor-type=\"wp-page\" data-elementor-id=\"10810\" class=\"elementor elementor-10810\" data-elementor-post-type=\"page\">\n\t\t\t\t\t\t<section class=\"elementor-section elementor-top-section elementor-element elementor-element-6b0c elementor-section-boxed elementor-section-height-default elementor-section-height-default\" data-id=\"6b0c\" data-element_type=\"section\" data-e-type=\"section\">\n\t\t\t\t\t\t<div class=\"elementor-container elementor-column-gap-default\">\n\t\t\t\t\t<div class=\"elementor-column elementor-col-100 elementor-top-column elementor-element elementor-element-663f\" data-id=\"663f\" data-element_type=\"column\" data-e-type=\"column\">\n\t\t\t<div class=\"elementor-widget-wrap elementor-element-populated\">\n\t\t\t\t\t\t<div class=\"elementor-element elementor-element-3fe5 elementor-widget elementor-widget-cdhl_section-title\" data-id=\"3fe5\" data-element_type=\"widget\" data-e-type=\"widget\" data-widget_type=\"cdhl_section-title.default\">\n\t\t\t\t<div class=\"elementor-widget-container\">\n\t\t\t\t\t<div class=\"cdhl_section-title_wrapper\">\n\t<div class=\"section-title text-center style_1\" id=\"3fe5\">\n\t\t\t<span class=\"sub-title\"><\/span>\n\t\t<h2 class=\"main-title\">\n\t\t\tMentions l\u00e9gales\t\t<\/h2>\n\t\t\t\t\t<div class=\"separator\"><\/div>\n\t\t\t\t<\/div>\n<\/div>\n\t\t\t\t<\/div>\n\t\t\t\t<\/div>\n\t\t\t\t<div class=\"elementor-element elementor-element-d6b elementor-widget elementor-widget-text-editor\" data-id=\"d6b\" data-element_type=\"widget\" data-e-type=\"widget\" data-widget_type=\"text-editor.default\">\n\t\t\t\t<div class=\"elementor-widget-container\">\n\t\t\t\t\t\t\t\t\t<p>Conform\u00e9ment aux dispositions des articles 6-III et 19 de la Loi num\u00e9ro 2004-575 du 21 juin 2004 pour la Confiance en l\u2019\u00e9conomie num\u00e9rique, dite L.C.E.N., nous portons \u00e0 la connaissance des utilisateurs du site internet <a href=\"http:\/\/www.centrepremium.fr\">www.centrepremium.fr<\/a> les informations qui suivent :<\/p><ol><li><h6>Pr\u00e9sentation du site internet<\/h6><\/li><\/ol><p style=\"padding-left: 40px;\"><b>Propri\u00e9taire<\/b> :<br \/>SAS CENTRE PREMIUM<br \/>51, Rue du H\u00eatre Pourpre &#8211; 76890 BEAUTOT. <span class=\"Apple-converted-space\">\u00a0 \u00a0<\/span><\/p><p style=\"padding-left: 40px;\"><b>Editeur :<br \/><\/b>Centre Premium<br \/>Si\u00e8ge Social: 51, Rue du H\u00eatre Pourpre &#8211; 76890 Beautot<br \/>E-mail : <a href=\"mailto:info@centrepremium.fr\">info@centrepremium.fr<\/a><br \/>T\u00e9l. : 09 86 13 86 49<br \/>RCS Rouen : 3380981140005<span class=\"Apple-converted-space\"><br \/><\/span>APE : 501Z<br \/><b><br \/>Webmaster<\/b> :<br \/>ORA WEBSITE &#8211; <a href=\"mailto:centrepremium@orawebsite.fr\">centrepremium@orawebsite.fr<\/a><br \/><b><br \/>H\u00e9bergeur<\/b> :<br \/>Hostinger EURL &#8211; RCS Sarreguemines B 431 303 775 &#8211; Code APE (NAF) 6311Z<br \/>Num\u00e9ro de TVA : FR 13 431 303 775<br \/>Si\u00e8ge Social de l\u2019entreprise : 7 place de la Gare \u2013 57200 Sarreguemines \u2013 France<br \/><b><br \/>D\u00e9l\u00e9gu\u00e9 \u00e0 la protection des donn\u00e9es<\/b> : Pierre-Eric DESTRUY &#8211; <a href=\"mailto:pedestruy@centrepremium.fr\">pedestruy@centrepremium.fr<\/a><\/p><ol start=\"2\"><li><h6>Conditions g\u00e9n\u00e9rales d&#8217;utilisation du site et des services propos\u00e9s<\/h6>Tout internaute qui utilise le site : www.centrepremium.fr est consid\u00e9r\u00e9 comme utilisateur du site. Le site\u00a0 www.centrepremium.fr constitue une \u0153uvre de l&#8217;esprit prot\u00e9g\u00e9e par les dispositions du Code de la Propri\u00e9t\u00e9 Intellectuelle et des R\u00e9glementations Internationales applicables. L\u2019utilisateur ne peut en aucune mani\u00e8re r\u00e9utiliser, c\u00e9der ou exploiter pour son propre compte tout ou partie des \u00e9l\u00e9ments ou travaux du site.\u00a0<b><br \/><br \/><\/b>L&#8217;utilisation du site www.centrepremium.fr implique l&#8217;acceptation pleine et enti\u00e8re des conditions g\u00e9n\u00e9rales d&#8217;utilisation ci-apr\u00e8s d\u00e9crites. Ces conditions d&#8217;utilisation sont susceptibles d&#8217;\u00eatre modifi\u00e9es ou compl\u00e9t\u00e9es \u00e0 tout moment, les utilisateurs du site www.centrepremium.fr<span class=\"Apple-converted-space\">\u00a0 <\/span>sont donc invit\u00e9s \u00e0 les consulter de mani\u00e8re r\u00e9guli\u00e8re. <br \/><br \/>Ce site internet est normalement accessible \u00e0 tout moment aux utilisateurs. Une interruption pour raison de maintenance technique peut \u00eatre toutefois d\u00e9cid\u00e9e par<span class=\"Apple-converted-space\">\u00a0 <\/span>www.centrepremium.fr , qui s&#8217;efforcera alors de communiquer pr\u00e9alablement aux utilisateurs les dates et heures de l&#8217;intervention. Le site web www.centrepremium.fr<span class=\"Apple-converted-space\">\u00a0 <\/span>est mis \u00e0 jour r\u00e9guli\u00e8rement par<span class=\"Apple-converted-space\">\u00a0 <\/span>www.centrepremium.fr . De la m\u00eame fa\u00e7on, les mentions l\u00e9gales peuvent \u00eatre modifi\u00e9es \u00e0 tout moment : elles s&#8217;imposent n\u00e9anmoins \u00e0 l&#8217;utilisateur qui est invit\u00e9 \u00e0 s&#8217;y r\u00e9f\u00e9rer le plus souvent possible afin d&#8217;en prendre connaissance. <br \/><br \/><\/li><li><h6>Description des services fournis<b><br \/><\/b><\/h6>Le site internet<span class=\"Apple-converted-space\">\u00a0 <\/span>www.centrepremium.fr a pour objet de fournir des informations concernant l&#8217;ensemble des activit\u00e9s de la soci\u00e9t\u00e9. Centre Premium s&#8217;efforce de fournir sur le site www.centrepremium.fr<span class=\"Apple-converted-space\">\u00a0 <\/span>des informations aussi pr\u00e9cises que possible. Toutefois, il ne pourra \u00eatre tenu responsable des oublis, des inexactitudes et des carences dans la mise \u00e0 jour, qu&#8217;elles soient de son fait ou du fait des tiers partenaires qui lui fournissent ces informations. <br \/>Toutes les informations indiqu\u00e9es sur le site<span class=\"Apple-converted-space\">\u00a0 <\/span>www.centrepremium.fr<span class=\"Apple-converted-space\">\u00a0 <\/span>sont donn\u00e9es \u00e0 titre indicatif, et sont susceptibles d&#8217;\u00e9voluer. Par ailleurs, les renseignements figurant sur le site ne sont pas exhaustifs. Ils sont donn\u00e9s sous r\u00e9serve de modifications ayant \u00e9t\u00e9 apport\u00e9es depuis leur mise en ligne. <br \/><br \/><\/li><li><h6>Limitations contractuelles sur les donn\u00e9es techniques<b><br \/><\/b><\/h6>Le site utilise la technologie JavaScript. Le site www.centrepremium.fr ne pourra \u00eatre tenu responsable de dommages mat\u00e9riels li\u00e9s \u00e0 son utilisation. De plus, l&#8217;utilisateur du site s&#8217;engage \u00e0 acc\u00e9der au site en utilisant un mat\u00e9riel r\u00e9cent, ne contenant pas de virus et avec un navigateur de derni\u00e8re g\u00e9n\u00e9ration mis-\u00e0-jour. Le site<span class=\"Apple-converted-space\">\u00a0 <\/span>www.centrepremium.fr<span class=\"Apple-converted-space\">\u00a0 <\/span>est h\u00e9berg\u00e9 chez un prestataire sur le territoire de l&#8217;Union Europ\u00e9enne conform\u00e9ment aux dispositions du R\u00e8glement G\u00e9n\u00e9ral sur la Protection des Donn\u00e9es (RGPD : n\u00b0 2016-679) <br \/>L&#8217;objectif est d&#8217;apporter une prestation qui assure le meilleur taux d&#8217;accessibilit\u00e9. L&#8217;h\u00e9bergeur assure la continuit\u00e9 de son service 24 Heures sur 24, tous les jours de l&#8217;ann\u00e9e. Il se r\u00e9serve n\u00e9anmoins la possibilit\u00e9 d&#8217;interrompre le service d&#8217;h\u00e9bergement pour les dur\u00e9es les plus courtes possibles notamment \u00e0 des fins de maintenance, d&#8217;am\u00e9lioration de ses infrastructures, de d\u00e9faillance de ses infrastructures ou si les Prestations et Services g\u00e9n\u00e8rent un trafic r\u00e9put\u00e9 anormal. <br \/>Centre Premium et l&#8217;h\u00e9bergeur ne pourront \u00eatre tenus responsables en cas de dysfonctionnement du r\u00e9seau Internet, des lignes t\u00e9l\u00e9phoniques ou du mat\u00e9riel informatique et de t\u00e9l\u00e9phonie li\u00e9 notamment \u00e0 l&#8217;encombrement du r\u00e9seau emp\u00eachant l&#8217;acc\u00e8s au serveur. <br \/><br \/><\/li><li><h6>Propri\u00e9t\u00e9 intellectuelle et contrefa\u00e7ons<b><br \/><\/b><\/h6>Centre Premium est propri\u00e9taire des droits de propri\u00e9t\u00e9 intellectuelle et d\u00e9tient les droits d&#8217;usage sur les \u00e9l\u00e9ments accessibles sur le site internet, notamment les textes, graphismes, logos, vid\u00e9os, ic\u00f4nes. Toute reproduction, repr\u00e9sentation, modification, publication, adaptation de tout ou partie des \u00e9l\u00e9ments du site, quel que soit le moyen ou le proc\u00e9d\u00e9 utilis\u00e9, est interdite, sauf autorisation \u00e9crite pr\u00e9alable de :<span class=\"Apple-converted-space\">\u00a0 <\/span>www.centrepremium.fr<br \/>Toute exploitation non autoris\u00e9e du site ou de l&#8217;un quelconque des \u00e9l\u00e9ments qu&#8217;il contient sera consid\u00e9r\u00e9e comme constitutive d&#8217;une contrefa\u00e7on et poursuivie conform\u00e9ment aux dispositions des articles L.335-2 et suivants du Code de Propri\u00e9t\u00e9 Intellectuelle. <br \/><br \/><\/li><li><h6>Limitations de responsabilit\u00e9<b><br \/><\/b><\/h6>Centre Premium agit en tant qu&#8217;\u00e9diteur du site. www.centrepremium.fr<span class=\"Apple-converted-space\">\u00a0 <\/span>est responsable de la qualit\u00e9 et de la v\u00e9racit\u00e9 du contenu qu&#8217;il publie. <br \/>Centre Premium ne pourra \u00eatre tenu responsable des dommages directs et indirects caus\u00e9s au mat\u00e9riel de l&#8217;utilisateur, lors de l&#8217;acc\u00e8s au site internet<span class=\"Apple-converted-space\">\u00a0 <\/span>www.centrepremium.fr, et r\u00e9sultant soit de l&#8217;utilisation d&#8217;un mat\u00e9riel ne r\u00e9pondant pas aux sp\u00e9cifications indiqu\u00e9es au point 4, soit de l&#8217;apparition d&#8217;un bug ou d&#8217;une incompatibilit\u00e9. <br \/>Centre Premium ne pourra \u00e9galement \u00eatre tenu responsable des dommages indirects (tels par exemple qu&#8217;une perte de march\u00e9 ou perte d&#8217;une chance) cons\u00e9cutifs \u00e0 l&#8217;utilisation du site www.centrepremium.fr. Des espaces interactifs (possibilit\u00e9 de poser des questions via le chat, ou le formulaire de contact) sont \u00e0 la disposition des utilisateurs. Centre Premium se r\u00e9serve le droit de supprimer, sans mise en demeure pr\u00e9alable, tout contenu d\u00e9pos\u00e9 dans cet espace qui contreviendrait \u00e0 la l\u00e9gislation applicable en France, en particulier aux dispositions relatives \u00e0 la protection des donn\u00e9es. Le cas \u00e9ch\u00e9ant,<span class=\"Apple-converted-space\">\u00a0 <\/span>www.centrepremium.fr<span class=\"Apple-converted-space\">\u00a0 <\/span>se r\u00e9serve \u00e9galement la possibilit\u00e9 de mettre en cause la responsabilit\u00e9 civile et\/ou p\u00e9nale de l&#8217;utilisateur, notamment en cas de message \u00e0 caract\u00e8re raciste, injurieux, diffamant, ou pornographique, quel que soit le support utilis\u00e9 (texte, photographie \u2026)<br \/><span class=\"Apple-converted-space\">\u00a0<\/span><\/li><li><h6>Notification d&#8217;incident<b><br \/><\/b><\/h6>Quels que soient les efforts fournis, aucune m\u00e9thode de transmission sur Internet et aucune m\u00e9thode de stockage \u00e9lectronique n&#8217;est compl\u00e8tement s\u00fbre. Nous ne pouvons en cons\u00e9quence pas garantir une s\u00e9curit\u00e9 absolue. Si nous prenions connaissance d&#8217;une br\u00e8che de la s\u00e9curit\u00e9, nous avertirions les utilisateurs concern\u00e9s afin qu&#8217;ils puissent prendre les mesures appropri\u00e9es. Nos proc\u00e9dures de notification d&#8217;incident tiennent compte de nos obligations l\u00e9gales, qu&#8217;elles se situent au niveau national ou europ\u00e9en. Nous nous engageons \u00e0 informer pleinement nos clients de toutes les questions relevant de la s\u00e9curit\u00e9 de leur compte et \u00e0 leur fournir toutes les informations n\u00e9cessaires pour les aider \u00e0 respecter leurs propres obligations r\u00e9glementaires en mati\u00e8re de reporting. <br \/>Aucune information personnelle de l&#8217;utilisateur du site www.centrepremium.fr<span class=\"Apple-converted-space\">\u00a0 <\/span>n&#8217;est publi\u00e9e \u00e0 l&#8217;insu de l&#8217;utilisateur, \u00e9chang\u00e9e, transf\u00e9r\u00e9e, c\u00e9d\u00e9e ou vendue sur un support quelconque \u00e0 des tiers. Seule l&#8217;hypoth\u00e8se du rachat de www.centrepremium.fr et de ses droits permettrait la transmission des dites informations \u00e0 l&#8217;\u00e9ventuel acqu\u00e9reur qui serait \u00e0 son tour tenu de la m\u00eame obligation de conservation et de modification des donn\u00e9es vis \u00e0 vis de l&#8217;utilisateur du site www.centrepremium.fr<br \/><br \/><b>S\u00e9curit\u00e9<br \/><\/b>Pour assurer la s\u00e9curit\u00e9 et la confidentialit\u00e9 des Donn\u00e9es Personnelles et des Donn\u00e9es Personnelles de Sant\u00e9, www.centrepremium.fr<span class=\"Apple-converted-space\">\u00a0 <\/span>utilise des r\u00e9seaux prot\u00e9g\u00e9s par des dispositifs standards tels que par pare-feu, la pseudonymisation, l&#8217;encryption et mot de passe. <br \/>Lors du traitement des Donn\u00e9es Personnelles, www.centrepremium.fr<span class=\"Apple-converted-space\">\u00a0 <\/span>prend toutes les mesures raisonnables visant \u00e0 les prot\u00e9ger contre toute perte, utilisation d\u00e9tourn\u00e9e, acc\u00e8s non autoris\u00e9, divulgation, alt\u00e9ration ou destruction. <br \/><br \/><\/li><li><h6>Droit applicable et attribution de juridiction<b><br \/><\/b><\/h6>Tout litige en relation avec l&#8217;utilisation du site www.centrepremium.fr est soumis au droit fran\u00e7ais. En dehors des cas o\u00f9 la loi ne le permet pas, il est fait attribution exclusive de juridiction aux tribunaux comp\u00e9tents de Rouen.<\/li><\/ol>\t\t\t\t\t\t\t\t<\/div>\n\t\t\t\t<\/div>\n\t\t\t\t\t<\/div>\n\t\t<\/div>\n\t\t\t\t\t<\/div>\n\t\t<\/section>\n\t\t\t\t<\/div>\n\t\t","protected":false},"excerpt":{"rendered":"<p>Mentions l\u00e9gales Conform\u00e9ment aux dispositions des articles 6-III et 19 de la Loi num\u00e9ro 2004-575 du 21 juin 2004 pour la Confiance en l\u2019\u00e9conomie num\u00e9rique, dite L.C.E.N., nous portons \u00e0 la connaissance des utilisateurs du site internet www.centrepremium.fr les informations qui suivent : Pr\u00e9sentation du site internet Propri\u00e9taire :SAS CENTRE PREMIUM51, Rue du H\u00eatre Pourpre [&hellip;]<\/p>\n","protected":false},"author":1,"featured_media":0,"parent":0,"menu_order":0,"comment_status":"closed","ping_status":"closed","template":"templates\/cadealer-elementor-full-width.php","meta":{"_acf_changed":false,"inline_featured_image":false,"footnotes":""},"class_list":["post-10810","page","type-page","status-publish","hentry"],"acf":[],"_links":{"self":[{"href":"https:\/\/centrepremium.fr\/index.php\/wp-json\/wp\/v2\/pages\/10810","targetHints":{"allow":["GET"]}}],"collection":[{"href":"https:\/\/centrepremium.fr\/index.php\/wp-json\/wp\/v2\/pages"}],"about":[{"href":"https:\/\/centrepremium.fr\/index.php\/wp-json\/wp\/v2\/types\/page"}],"author":[{"embeddable":true,"href":"https:\/\/centrepremium.fr\/index.php\/wp-json\/wp\/v2\/users\/1"}],"replies":[{"embeddable":true,"href":"https:\/\/centrepremium.fr\/index.php\/wp-json\/wp\/v2\/comments?post=10810"}],"version-history":[{"count":21,"href":"https:\/\/centrepremium.fr\/index.php\/wp-json\/wp\/v2\/pages\/10810\/revisions"}],"predecessor-version":[{"id":168935,"href":"https:\/\/centrepremium.fr\/index.php\/wp-json\/wp\/v2\/pages\/10810\/revisions\/168935"}],"wp:attachment":[{"href":"https:\/\/centrepremium.fr\/index.php\/wp-json\/wp\/v2\/media?parent=10810"}],"curies":[{"name":"wp","href":"https:\/\/api.w.org\/{rel}","templated":true}]}}